{"id":14,"date":"2025-09-25T15:57:36","date_gmt":"2025-09-25T13:57:36","guid":{"rendered":"https:\/\/www.jb-administratif.fr\/?page_id=14"},"modified":"2025-10-07T20:56:09","modified_gmt":"2025-10-07T18:56:09","slug":"accueil","status":"publish","type":"page","link":"https:\/\/www.jb-administratif.fr\/","title":{"rendered":"JB SERVICES ADMINISTRATIFS"},"content":{"rendered":"\n<div class=\"wp-block-group alignfull is-layout-constrained wp-block-group-is-layout-constrained\">\n<div class=\"wp-block-cover alignfull\" style=\"margin-top:0;min-height:358px;aspect-ratio:unset;\"><img loading=\"lazy\" decoding=\"async\" width=\"1024\" height=\"683\" class=\"wp-block-cover__image-background wp-image-32 size-large\" alt=\"\" src=\"https:\/\/www.jb-administratif.fr\/wp-content\/uploads\/2025\/09\/pexels-vojtech-okenka-127162-392018-1024x683.jpg\" data-object-fit=\"cover\" srcset=\"https:\/\/www.jb-administratif.fr\/wp-content\/uploads\/2025\/09\/pexels-vojtech-okenka-127162-392018-1024x683.jpg 1024w, https:\/\/www.jb-administratif.fr\/wp-content\/uploads\/2025\/09\/pexels-vojtech-okenka-127162-392018-300x200.jpg 300w, https:\/\/www.jb-administratif.fr\/wp-content\/uploads\/2025\/09\/pexels-vojtech-okenka-127162-392018-768x512.jpg 768w, https:\/\/www.jb-administratif.fr\/wp-content\/uploads\/2025\/09\/pexels-vojtech-okenka-127162-392018-1536x1024.jpg 1536w, https:\/\/www.jb-administratif.fr\/wp-content\/uploads\/2025\/09\/pexels-vojtech-okenka-127162-392018-2048x1365.jpg 2048w\" sizes=\"auto, (max-width: 1024px) 100vw, 1024px\" \/><span aria-hidden=\"true\" class=\"wp-block-cover__background has-black-background-color has-background-dim-0 has-background-dim\"><\/span><div class=\"wp-block-cover__inner-container is-layout-flow wp-block-cover-is-layout-flow\">\n<div style=\"height:50px\" aria-hidden=\"true\" class=\"wp-block-spacer\"><\/div>\n<\/div><\/div>\n<\/div>\n\n\n\n<div class=\"wp-block-media-text is-stacked-on-mobile\" style=\"border-style:none;border-width:0px;border-radius:0px;grid-template-columns:47% auto\"><figure class=\"wp-block-media-text__media\"><img loading=\"lazy\" decoding=\"async\" width=\"1024\" height=\"449\" src=\"http:\/\/www.jb-administratif.fr\/wp-content\/uploads\/2025\/09\/photo-professionnelle-6-1024x449.png\" alt=\"\" class=\"wp-image-19 size-full\" srcset=\"https:\/\/www.jb-administratif.fr\/wp-content\/uploads\/2025\/09\/photo-professionnelle-6-1024x449.png 1024w, https:\/\/www.jb-administratif.fr\/wp-content\/uploads\/2025\/09\/photo-professionnelle-6-300x132.png 300w, https:\/\/www.jb-administratif.fr\/wp-content\/uploads\/2025\/09\/photo-professionnelle-6-768x337.png 768w, https:\/\/www.jb-administratif.fr\/wp-content\/uploads\/2025\/09\/photo-professionnelle-6.png 1080w\" sizes=\"auto, (max-width: 1024px) 100vw, 1024px\" \/><\/figure><div class=\"wp-block-media-text__content\">\n<p>Je m&rsquo;appelle Jennifer Bernard, fondatrice de <strong>JB Services Administratifs<\/strong>. Forte d&rsquo;une solide exp\u00e9rience dans la gestion administrative et commerciale, j&rsquo;ai d\u00e9cid\u00e9 de mettre mon savoir-faire au service des<strong> entrepreneurs et TPE<\/strong> qui cherchent \u00e0 optimiser leur organisation et gagner du temps.<\/p>\n\n\n\n<p class=\"is-style-default has-text-color has-link-color wp-elements-8b31b5dadd9638552293e87d882349f1\" style=\"color:#984f06\">Je vous accompagne avec<strong> rigueur, efficacit\u00e9 et discr\u00e9tion<\/strong>, en vous proposant des solutions adapt\u00e9es \u00e0 vos besoins, que ce soit pour une mission ponctuelle ou un suivi r\u00e9gulier.<\/p>\n\n\n\n<p><strong>Mon objectif ?<\/strong> Vous lib\u00e9rer des t\u00e2ches chronophages pour que vous puissiez vous concentrer sur l&rsquo;essentiel : le d\u00e9veloppement de votre activit\u00e9.<\/p>\n<\/div><\/div>\n\n\n\n<div class=\"wp-block-group alignfull is-layout-constrained wp-container-core-group-is-layout-ebee8dc1 wp-block-group-is-layout-constrained\" id=\"Services\" style=\"margin-top:0;margin-bottom:0;padding-top:var(--wp--preset--spacing--50);padding-bottom:var(--wp--preset--spacing--50)\">\n<h2 class=\"wp-block-heading alignwide has-text-align-center has-text-color has-link-color wp-elements-edbc2e23f5a10fff06b92bacd407f38c\" style=\"color:#6d1a36\">Pourquoi faire appel \u00e0 mes services ?<\/h2>\n\n\n\n<div class=\"wp-block-columns alignwide is-layout-flex wp-container-core-columns-is-layout-28f84493 wp-block-columns-is-layout-flex\">\n<div class=\"wp-block-column is-layout-flow wp-block-column-is-layout-flow\">\n<figure class=\"wp-block-image size-full has-custom-border\" style=\"margin-bottom:24px\"><img loading=\"lazy\" decoding=\"async\" width=\"2560\" height=\"1565\" src=\"https:\/\/www.jb-administratif.fr\/wp-content\/uploads\/2025\/09\/pexels-catscoming-707582-scaled.jpg\" alt=\"\" class=\"wp-image-21\" style=\"border-style:none;border-width:0px;border-radius:25px;aspect-ratio:3\/2;object-fit:cover\" srcset=\"https:\/\/www.jb-administratif.fr\/wp-content\/uploads\/2025\/09\/pexels-catscoming-707582-scaled.jpg 2560w, https:\/\/www.jb-administratif.fr\/wp-content\/uploads\/2025\/09\/pexels-catscoming-707582-300x183.jpg 300w, https:\/\/www.jb-administratif.fr\/wp-content\/uploads\/2025\/09\/pexels-catscoming-707582-1024x626.jpg 1024w, https:\/\/www.jb-administratif.fr\/wp-content\/uploads\/2025\/09\/pexels-catscoming-707582-768x469.jpg 768w, https:\/\/www.jb-administratif.fr\/wp-content\/uploads\/2025\/09\/pexels-catscoming-707582-1536x939.jpg 1536w, https:\/\/www.jb-administratif.fr\/wp-content\/uploads\/2025\/09\/pexels-catscoming-707582-2048x1252.jpg 2048w\" sizes=\"auto, (max-width: 2560px) 100vw, 2560px\" \/><\/figure>\n\n\n\n<h3 class=\"wp-block-heading\">UN GAIN DE TEMPS IMM\u00c9DIAT<\/h3>\n\n\n\n<p class=\"has-medium-font-size\">Gagner plusieurs heures par semaine sans sacrifier ses soir\u00e9es et ses week-ends. Enfin se concentrer sur son vrai m\u00e9tier : produire, vendre, fid\u00e9liser.<\/p>\n<\/div>\n\n\n\n<div class=\"wp-block-column is-layout-flow wp-block-column-is-layout-flow\">\n<figure class=\"wp-block-image size-full has-custom-border\" style=\"margin-bottom:24px\"><img loading=\"lazy\" decoding=\"async\" width=\"2560\" height=\"1707\" src=\"https:\/\/www.jb-administratif.fr\/wp-content\/uploads\/2025\/09\/pexels-picjumbo-com-55570-210660-scaled.jpg\" alt=\"\" class=\"wp-image-22\" style=\"border-radius:25px;aspect-ratio:3\/2;object-fit:cover\" srcset=\"https:\/\/www.jb-administratif.fr\/wp-content\/uploads\/2025\/09\/pexels-picjumbo-com-55570-210660-scaled.jpg 2560w, https:\/\/www.jb-administratif.fr\/wp-content\/uploads\/2025\/09\/pexels-picjumbo-com-55570-210660-300x200.jpg 300w, https:\/\/www.jb-administratif.fr\/wp-content\/uploads\/2025\/09\/pexels-picjumbo-com-55570-210660-1024x683.jpg 1024w, https:\/\/www.jb-administratif.fr\/wp-content\/uploads\/2025\/09\/pexels-picjumbo-com-55570-210660-768x512.jpg 768w, https:\/\/www.jb-administratif.fr\/wp-content\/uploads\/2025\/09\/pexels-picjumbo-com-55570-210660-1536x1024.jpg 1536w, https:\/\/www.jb-administratif.fr\/wp-content\/uploads\/2025\/09\/pexels-picjumbo-com-55570-210660-2048x1365.jpg 2048w\" sizes=\"auto, (max-width: 2560px) 100vw, 2560px\" \/><\/figure>\n\n\n\n<h3 class=\"wp-block-heading\">UNE ORGANISATION ET UNE EFFICACIT\u00c9<\/h3>\n\n\n\n<p class=\"has-medium-font-size\">Mise en place d\u2019outils simples.<br>Dossiers \u00e0 jour pour le comptable ou pour les qualifications<br>Moins de stress, moins de papiers qui<br>s\u2019accumulent<\/p>\n<\/div>\n\n\n\n<div class=\"wp-block-column is-layout-flow wp-block-column-is-layout-flow\">\n<figure class=\"wp-block-image size-full has-custom-border\" style=\"margin-bottom:24px\"><img loading=\"lazy\" decoding=\"async\" width=\"2560\" height=\"1707\" src=\"https:\/\/www.jb-administratif.fr\/wp-content\/uploads\/2025\/09\/pexels-mikhail-nilov-6963017-scaled.jpg\" alt=\"\" class=\"wp-image-23\" style=\"border-radius:25px;aspect-ratio:3\/2;object-fit:cover\" srcset=\"https:\/\/www.jb-administratif.fr\/wp-content\/uploads\/2025\/09\/pexels-mikhail-nilov-6963017-scaled.jpg 2560w, https:\/\/www.jb-administratif.fr\/wp-content\/uploads\/2025\/09\/pexels-mikhail-nilov-6963017-300x200.jpg 300w, https:\/\/www.jb-administratif.fr\/wp-content\/uploads\/2025\/09\/pexels-mikhail-nilov-6963017-1024x683.jpg 1024w, https:\/\/www.jb-administratif.fr\/wp-content\/uploads\/2025\/09\/pexels-mikhail-nilov-6963017-768x512.jpg 768w, https:\/\/www.jb-administratif.fr\/wp-content\/uploads\/2025\/09\/pexels-mikhail-nilov-6963017-1536x1024.jpg 1536w, https:\/\/www.jb-administratif.fr\/wp-content\/uploads\/2025\/09\/pexels-mikhail-nilov-6963017-2048x1365.jpg 2048w\" sizes=\"auto, (max-width: 2560px) 100vw, 2560px\" \/><\/figure>\n\n\n\n<h3 class=\"wp-block-heading\">UNE MAITRISE DES COUTS<\/h3>\n\n\n\n<p class=\"has-medium-font-size\">Pas de charges sociales, pas de contrat salari\u00e9.<br>Paiement \u00e0 la mission : payer que ce dont vous avez besoin.<\/p>\n<\/div>\n<\/div>\n<\/div>\n\n\n\n<div class=\"wp-block-group alignfull is-layout-constrained wp-container-core-group-is-layout-4651deb1 wp-block-group-is-layout-constrained\" style=\"margin-top:0;margin-bottom:0;padding-top:var(--wp--preset--spacing--70);padding-bottom:var(--wp--preset--spacing--70)\">\n<div class=\"wp-block-columns alignwide is-layout-flex wp-container-core-columns-is-layout-08a2a807 wp-block-columns-is-layout-flex\" id=\"Services\">\n<div class=\"wp-block-column is-vertically-aligned-center is-layout-flow wp-block-column-is-layout-flow\">\n<h2 class=\"wp-block-heading has-xx-large-font-size\">Mes services<\/h2>\n\n\n\n<ul style=\"margin-top:var(--wp--preset--spacing--40);margin-bottom:var(--wp--preset--spacing--40);padding-left:var(--wp--preset--spacing--30)\" class=\"wp-block-list is-style-checkmark-list\">\n<li class=\"has-text-color has-link-color has-medium-font-size wp-elements-9029fabe51c8240076a65def9069a19b\" style=\"color:#6d1a36\"><strong>Diagnostic et mise en place des outils <\/strong>: Etat des lieux de l\u2019existant et mise en place des canaux de communication pour fluidifier les proc\u00e9dures et gagner du temps<\/li>\n\n\n\n<li class=\"has-text-color has-link-color has-medium-font-size wp-elements-ddf97c9cdafcaa7053bcc89cafa6c5f2\" style=\"color:#6d1a36\"><strong>Le suivi administratif et commercial<\/strong> : gestion de courriers, mails, suivi clients, relances clients et impay\u00e9s. Gagner du temps et de la rentabilit\u00e9 !<\/li>\n\n\n\n<li class=\"has-text-color has-link-color has-medium-font-size wp-elements-a75078e8b7d17ae4f7e2abe18a90379d\" style=\"color:#6d1a36\"><strong>La pr\u00e9-comptabilit\u00e9<\/strong> : rapprochements bancaires, tableaux de TVA. Transmission de vos dossiers complets au comptable.<\/li>\n\n\n\n<li class=\"has-text-color has-link-color has-medium-font-size wp-elements-5d492b38394780451453e71ddca7dbe0\" style=\"color:#6d1a36\"><strong>Le lien avec les prestataires et fournisseurs<\/strong> : Passer les commandes, faire les devis, pr\u00e9voir les prestations. Obtenir les meilleurs prix et organiser l&rsquo;activit\u00e9 ! <\/li>\n<\/ul>\n<\/div>\n\n\n\n<div class=\"wp-block-column is-vertically-aligned-center is-layout-flow wp-block-column-is-layout-flow\">\n<figure class=\"wp-block-image size-full is-style-rounded\"><img loading=\"lazy\" decoding=\"async\" width=\"2560\" height=\"1709\" src=\"https:\/\/www.jb-administratif.fr\/wp-content\/uploads\/2025\/09\/pexels-natri-792199-1-scaled.jpg\" alt=\"\" class=\"wp-image-30\" srcset=\"https:\/\/www.jb-administratif.fr\/wp-content\/uploads\/2025\/09\/pexels-natri-792199-1-scaled.jpg 2560w, https:\/\/www.jb-administratif.fr\/wp-content\/uploads\/2025\/09\/pexels-natri-792199-1-300x200.jpg 300w, https:\/\/www.jb-administratif.fr\/wp-content\/uploads\/2025\/09\/pexels-natri-792199-1-1024x684.jpg 1024w, https:\/\/www.jb-administratif.fr\/wp-content\/uploads\/2025\/09\/pexels-natri-792199-1-768x513.jpg 768w, https:\/\/www.jb-administratif.fr\/wp-content\/uploads\/2025\/09\/pexels-natri-792199-1-1536x1025.jpg 1536w, https:\/\/www.jb-administratif.fr\/wp-content\/uploads\/2025\/09\/pexels-natri-792199-1-2048x1367.jpg 2048w\" sizes=\"auto, (max-width: 2560px) 100vw, 2560px\" \/><\/figure>\n<\/div>\n<\/div>\n<\/div>\n\n\n\n<div class=\"wp-block-group alignfull has-ast-global-color-4-background-color has-background is-layout-constrained wp-block-group-is-layout-constrained\" id=\"Formules\" style=\"margin-top:0;margin-bottom:0;padding-top:var(--wp--preset--spacing--60);padding-bottom:var(--wp--preset--spacing--60)\">\n<div class=\"wp-block-group alignwide is-content-justification-space-between is-layout-flex wp-container-core-group-is-layout-9366075c wp-block-group-is-layout-flex\">\n<h2 class=\"wp-block-heading has-text-align-center has-text-color has-link-color has-x-large-font-size wp-elements-af783c378197f536fd4cb70923ae9077\" style=\"color:#6d1a36\">Gestion 180 et 360 : une solution pour gagner du temps et vous consacrer \u00e0 votre m\u00e9tier<\/h2>\n<\/div>\n\n\n\n<div class=\"wp-block-columns alignwide is-layout-flex wp-container-core-columns-is-layout-e87f2171 wp-block-columns-is-layout-flex\" style=\"margin-top:var(--wp--preset--spacing--70);margin-bottom:0\">\n<div class=\"wp-block-column has-border-color has-accent-6-border-color is-content-justification-center is-layout-constrained wp-container-core-column-is-layout-860428b2 wp-block-column-is-layout-constrained\" style=\"border-width:1px;border-radius:10px;padding-top:var(--wp--preset--spacing--40);padding-right:var(--wp--preset--spacing--40);padding-bottom:var(--wp--preset--spacing--40);padding-left:var(--wp--preset--spacing--40)\">\n<div class=\"wp-block-columns is-not-stacked-on-mobile is-layout-flex wp-container-core-columns-is-layout-81213e5a wp-block-columns-is-layout-flex\" style=\"margin-top:0;margin-bottom:0\">\n<div class=\"wp-block-column is-layout-flow wp-block-column-is-layout-flow\" style=\"flex-basis:70%\">\n<h3 class=\"wp-block-heading has-text-align-left has-large-font-size\" style=\"margin-bottom:var(--wp--preset--spacing--20)\">Gestion 360<\/h3>\n\n\n\n<p class=\"has-text-align-left has-medium-font-size\">Une journ\u00e9e par semaine en pr\u00e9sentiel et\/ou en distanciel<\/p>\n<\/div>\n\n\n\n<div class=\"wp-block-column is-layout-flow wp-block-column-is-layout-flow\" style=\"margin-top:0;margin-right:0;margin-bottom:0;margin-left:0\"><\/div>\n<\/div>\n<\/div>\n\n\n\n<div class=\"wp-block-column has-border-color has-accent-6-border-color is-content-justification-center is-layout-constrained wp-container-core-column-is-layout-860428b2 wp-block-column-is-layout-constrained\" style=\"border-width:1px;border-radius:10px;padding-top:var(--wp--preset--spacing--40);padding-right:var(--wp--preset--spacing--40);padding-bottom:var(--wp--preset--spacing--40);padding-left:var(--wp--preset--spacing--40)\">\n<div class=\"wp-block-columns is-not-stacked-on-mobile is-layout-flex wp-container-core-columns-is-layout-81213e5a wp-block-columns-is-layout-flex\" style=\"margin-top:0;margin-bottom:0\">\n<div class=\"wp-block-column is-layout-flow wp-block-column-is-layout-flow\" style=\"flex-basis:70%\">\n<h3 class=\"wp-block-heading has-large-font-size\" style=\"margin-bottom:var(--wp--preset--spacing--20)\">Gestion 180<\/h3>\n\n\n\n<p class=\"has-medium-font-size\">Une demi-journ\u00e9e par semaine en pr\u00e9sentiel ou en distanciel<\/p>\n<\/div>\n<\/div>\n<\/div>\n\n\n\n<div class=\"wp-block-column has-border-color has-accent-6-border-color is-content-justification-center is-layout-constrained wp-container-core-column-is-layout-860428b2 wp-block-column-is-layout-constrained\" style=\"border-width:1px;border-radius:10px;padding-top:var(--wp--preset--spacing--40);padding-right:var(--wp--preset--spacing--40);padding-bottom:var(--wp--preset--spacing--40);padding-left:var(--wp--preset--spacing--40)\">\n<div class=\"wp-block-columns is-not-stacked-on-mobile is-layout-flex wp-container-core-columns-is-layout-81213e5a wp-block-columns-is-layout-flex\" style=\"margin-top:0;margin-bottom:0\">\n<div class=\"wp-block-column is-layout-flow wp-block-column-is-layout-flow\" style=\"flex-basis:70%\">\n<h3 class=\"wp-block-heading has-large-font-size\" style=\"margin-bottom:var(--wp--preset--spacing--20)\">A l&rsquo;heure<\/h3>\n\n\n\n<p class=\"has-medium-font-size\">Prestation ponctuelle sur place ou \u00e0 distance<\/p>\n<\/div>\n<\/div>\n<\/div>\n<\/div>\n<\/div>\n\n\n\n<div class=\"wp-block-buttons has-custom-font-size has-large-font-size is-content-justification-center is-layout-flex wp-container-core-buttons-is-layout-d75b0cd1 wp-block-buttons-is-layout-flex\" style=\"padding-top:var(--wp--preset--spacing--30);padding-right:0;padding-bottom:var(--wp--preset--spacing--30);padding-left:0\">\n<div class=\"wp-block-button\"><a class=\"wp-block-button__link has-background wp-element-button\" href=\"https:\/\/www.jb-administratif.fr\/?page_id=104\" style=\"background-color:#984f06\">Me contacter<\/a><\/div>\n<\/div>\n\n\n\n<div class=\"wp-block-group alignfull has-contrast-color has-text-color is-vertical is-content-justification-center is-layout-flex wp-container-core-group-is-layout-f306f087 wp-block-group-is-layout-flex\" style=\"min-height:40vh;margin-top:0;margin-bottom:0;padding-top:var(--wp--preset--spacing--60);padding-right:var(--wp--preset--spacing--50);padding-bottom:var(--wp--preset--spacing--60);padding-left:var(--wp--preset--spacing--50)\"><div style=\"margin-bottom:6px;\" class=\"is-default-size aligncenter wp-block-site-logo\"><a href=\"https:\/\/www.jb-administratif.fr\/\" class=\"custom-logo-link\" rel=\"home\"><img loading=\"lazy\" decoding=\"async\" width=\"500\" height=\"345\" src=\"https:\/\/www.jb-administratif.fr\/wp-content\/uploads\/2025\/09\/cropped-LOGO-DETOURE-125x86.png\" class=\"custom-logo\" alt=\"JB Services Administratifs\" srcset=\"https:\/\/www.jb-administratif.fr\/wp-content\/uploads\/2025\/09\/cropped-LOGO-DETOURE.png 500w, https:\/\/www.jb-administratif.fr\/wp-content\/uploads\/2025\/09\/cropped-LOGO-DETOURE-300x207.png 300w, https:\/\/www.jb-administratif.fr\/wp-content\/uploads\/2025\/09\/cropped-LOGO-DETOURE-125x86.png 125w\" sizes=\"auto, (max-width: 500px) 100vw, 500px\" \/><\/a><\/div>\n\n\n<p>JB SERVICES ADMINISTRATIFS<\/p>\n\n\n\n<p>06.85.60.76.33<\/p>\n\n\n\n<p class=\"has-text-align-center has-medium-font-size\"><\/p>\n<\/div>\n","protected":false},"excerpt":{"rendered":"<p>Je m&rsquo;appelle Jennifer Bernard, fondatrice de JB Services Administratifs. Forte d&rsquo;une solide exp\u00e9rience dans la gestion administrative et commerciale, j&rsquo;ai [&hellip;]<\/p>\n","protected":false},"author":1,"featured_media":0,"parent":0,"menu_order":1,"comment_status":"closed","ping_status":"closed","template":"","meta":{"site-sidebar-layout":"default","site-content-layout":"","ast-site-content-layout":"default","site-content-style":"default","site-sidebar-style":"default","ast-global-header-display":"","ast-banner-title-visibility":"","ast-main-header-display":"","ast-hfb-above-header-display":"","ast-hfb-below-header-display":"","ast-hfb-mobile-header-display":"","site-post-title":"disabled","ast-breadcrumbs-content":"","ast-featured-img":"","footer-sml-layout":"","theme-transparent-header-meta":"","adv-header-id-meta":"","stick-header-meta":"","header-above-stick-meta":"","header-main-stick-meta":"","header-below-stick-meta":"","astra-migrate-meta-layouts":"default","ast-page-background-enabled":"default","ast-page-background-meta":{"desktop":{"background-color":"var(--ast-global-color-5)","background-image":"","background-repeat":"repeat","background-position":"center center","background-size":"auto","background-attachment":"scroll","background-type":"","background-media":"","overlay-type":"","overlay-color":"","overlay-opacity":"","overlay-gradient":""},"tablet":{"background-color":"","background-image":"","background-repeat":"repeat","background-position":"center center","background-size":"auto","background-attachment":"scroll","background-type":"","background-media":"","overlay-type":"","overlay-color":"","overlay-opacity":"","overlay-gradient":""},"mobile":{"background-color":"","background-image":"","background-repeat":"repeat","background-position":"center center","background-size":"auto","background-attachment":"scroll","background-type":"","background-media":"","overlay-type":"","overlay-color":"","overlay-opacity":"","overlay-gradient":""}},"ast-content-background-meta":{"desktop":{"background-color":"var(--ast-global-color-4)","background-image":"","background-repeat":"repeat","background-position":"center center","background-size":"auto","background-attachment":"scroll","background-type":"","background-media":"","overlay-type":"","overlay-color":"","overlay-opacity":"","overlay-gradient":""},"tablet":{"background-color":"var(--ast-global-color-4)","background-image":"","background-repeat":"repeat","background-position":"center center","background-size":"auto","background-attachment":"scroll","background-type":"","background-media":"","overlay-type":"","overlay-color":"","overlay-opacity":"","overlay-gradient":""},"mobile":{"background-color":"var(--ast-global-color-4)","background-image":"","background-repeat":"repeat","background-position":"center center","background-size":"auto","background-attachment":"scroll","background-type":"","background-media":"","overlay-type":"","overlay-color":"","overlay-opacity":"","overlay-gradient":""}},"footnotes":""},"class_list":["post-14","page","type-page","status-publish","hentry"],"_links":{"self":[{"href":"https:\/\/www.jb-administratif.fr\/index.php?rest_route=\/wp\/v2\/pages\/14","targetHints":{"allow":["GET"]}}],"collection":[{"href":"https:\/\/www.jb-administratif.fr\/index.php?rest_route=\/wp\/v2\/pages"}],"about":[{"href":"https:\/\/www.jb-administratif.fr\/index.php?rest_route=\/wp\/v2\/types\/page"}],"author":[{"embeddable":true,"href":"https:\/\/www.jb-administratif.fr\/index.php?rest_route=\/wp\/v2\/users\/1"}],"replies":[{"embeddable":true,"href":"https:\/\/www.jb-administratif.fr\/index.php?rest_route=%2Fwp%2Fv2%2Fcomments&post=14"}],"version-history":[{"count":35,"href":"https:\/\/www.jb-administratif.fr\/index.php?rest_route=\/wp\/v2\/pages\/14\/revisions"}],"predecessor-version":[{"id":117,"href":"https:\/\/www.jb-administratif.fr\/index.php?rest_route=\/wp\/v2\/pages\/14\/revisions\/117"}],"wp:attachment":[{"href":"https:\/\/www.jb-administratif.fr\/index.php?rest_route=%2Fwp%2Fv2%2Fmedia&parent=14"}],"curies":[{"name":"wp","href":"https:\/\/api.w.org\/{rel}","templated":true}]}}