{"id":3,"date":"2025-09-25T09:02:47","date_gmt":"2025-09-25T09:02:47","guid":{"rendered":"http:\/\/www.jb-administratif.fr\/?page_id=3"},"modified":"2025-10-07T19:52:53","modified_gmt":"2025-10-07T17:52:53","slug":"privacy-policy","status":"publish","type":"page","link":"https:\/\/www.jb-administratif.fr\/?page_id=3","title":{"rendered":"Mentions l\u00e9gales"},"content":{"rendered":"\n<h2 class=\"wp-block-heading\"><strong>Mentions L\u00e9gales \u2013 SARL JB SERVICES ADMINISTRATIFS<\/strong><\/h2>\n\n\n\n<p><strong>Pr\u00e9ambule<\/strong><\/p>\n\n\n\n<p>Les pr\u00e9sentes Conditions G\u00e9n\u00e9rales d&rsquo;utilisation d\u00e9terminent les r\u00e8gles d&rsquo;acc\u00e8s au site www.jb-administratif.fr<br>Le site www.jb-administratif.fr et ses conditions d&rsquo;utilisation que l&rsquo;utilisateur reconna\u00eet accepter, sans r\u00e9serve, du seul fait de sa connexion au site. Des conditions particuli\u00e8res d\u00e9terminent les r\u00e8gles d&rsquo;utilisation des espaces mis \u00e0 sa disposition. L&rsquo;utilisateur ne saurait se pr\u00e9valoir d&rsquo;aucune difficult\u00e9 d&rsquo;acc\u00e8s au site et des pr\u00e9sentes Conditions G\u00e9n\u00e9rales d&rsquo;utilisation.<\/p>\n\n\n\n<p><strong>L&rsquo;\u00e9diteur du site<\/strong><\/p>\n\n\n\n<p>SARL JB SERVICES ADMINISTRATIF<br>SARL au capital de 1000 \u20ac<br>21 Chemin des Pr\u00e8s de Goix<br>89530 Saint-Bris-le-Vineux<br>Courriel :&nbsp;<a href=\"mailto:contact@jb-administratif.fr\">contact@jb-administratif.fr<\/a><br>T\u00e9l\u00e9phone : 06 85 60 76 33<br>Siret : 941 897 548 00017<br>Responsable de la publication : Jennifer Bernard<br><br><\/p>\n\n\n\n<p><strong>Le fournisseur d&rsquo;h\u00e9bergement<\/strong><\/p>\n\n\n\n<p><a href=\"https:\/\/www.ovh.com\/fr\/\" target=\"_blank\" rel=\"noreferrer noopener\">OVH<\/a><br>2 rue Kellermann<br>59100 Roubaix<br>RCS Roubaix &#8211; Tourcoing<br>Siret : 424 761 419 00011<br>Code APE 721Z<br>N\u00b0 TVA : FR 22-424-761-419-00011<\/p>\n\n\n\n<p><strong>Propri\u00e9t\u00e9 intellectuelle<\/strong><\/p>\n\n\n\n<p>En application de la loi, toute reproduction partielle ou totale est strictement interdite sans autorisation de JB Services Administratifs. Les logos, visuels et marques pr\u00e9sents sur ce site sont la propri\u00e9t\u00e9 de leurs d\u00e9tenteurs respectifs.<br>Article L 335-2 et suivant du code de la propri\u00e9t\u00e9 intellectuelle.<br>Pour toute information compl\u00e9mentaire contactez nous par e-mail&nbsp;<strong><a href=\"mailto:contact@jb-administratif.fr\">contact@jb-administratif.fr<\/a><\/strong><\/p>\n\n\n\n<p><strong>L&rsquo;utilisateur<\/strong><\/p>\n\n\n\n<p>Toute personne ayant acc\u00e8s au site, quels que soient le lieu o\u00f9 elle se trouve, les modalit\u00e9s de connexion au site, l&rsquo;objet et la finalit\u00e9 de son acc\u00e8s \u00e0 l&rsquo;information publi\u00e9e sur le site, sa qualit\u00e9 est un utilisateur du site.<br>L&rsquo;utilisateur est inform\u00e9 des risques inh\u00e9rents \u00e0 Internet, en aucun cas l&rsquo;\u00e9diteur ne saurait \u00eatre tenu responsable de ces risques et de leurs cons\u00e9quences pr\u00e9judiciables quelle qu&rsquo;en soit l&rsquo;\u00e9tendue pour l&rsquo;utilisateur. Il appartient \u00e0 chaque utilisateur de prendre toutes les mesures appropri\u00e9es de fa\u00e7on \u00e0 prot\u00e9ger ses propres donn\u00e9es.<\/p>\n\n\n\n<p><strong>Utilisation<\/strong><\/p>\n\n\n\n<p>Le site et les informations qui y sont publi\u00e9es sont r\u00e9serv\u00e9s \u00e0 la consultation.<br>Ce site peut \u00e0 son insu avoir \u00e9t\u00e9 reli\u00e9 \u00e0 d&rsquo;autres sites par le biais de liens hypertextes. JB Services Administratifs d\u00e9cline toute responsabilit\u00e9 pour les informations pr\u00e9sent\u00e9es sur ces autres sites.<br>La cr\u00e9ation de liens point\u00e9s exclusivement vers la page d&rsquo;accueil du site est tol\u00e9r\u00e9e dans la mesure o\u00f9 ils ne peuvent s&rsquo;ouvrir que sur une nouvelle fen\u00eatre du navigateur. En tout \u00e9tat de cause, l&rsquo;\u00e9diteur se r\u00e9serve le droit de mettre fin \u00e0 cette tol\u00e9rance \u00e0 tout moment s&rsquo;il lui para\u00eet que le lien \u00e9tabli avec le site est de nature \u00e0 porter atteinte \u00e0 l&rsquo;int\u00e9r\u00eat de ce dernier.<br>Toute autre utilisation est INTERDITE.<br>Tout utilisateur qui agit en fraude des pr\u00e9sentes Conditions G\u00e9n\u00e9rales d&rsquo;utilisation s&rsquo;expose \u00e0 des poursuites civiles et p\u00e9nales. Des proc\u00e9dures p\u00e9nales pourront \u00eatre engag\u00e9es par l&rsquo;\u00e9diteur contre l&rsquo;utilisateur.<\/p>\n\n\n\n<p><strong>Donn\u00e9es personnelles<\/strong><\/p>\n\n\n\n<p>En application des dispositions de la loi n\u00b0 78-17 du 6 janvier 1978 dite &lt;&lt; informatique et libert\u00e9 &gt;&gt; modifi\u00e9e, toute personne physique dispose des droits d&rsquo;acc\u00e8s, de modification, de rectification et suppression des donn\u00e9es la concernant. L&rsquo;exercice de ces droits s&rsquo;effectue \u00e0 tout moment par la voie postale ou \u00e9lectronique \u00e0 l&rsquo;adresse suivante : contact@jb-administratif.fr (poste et mail) PRECISER ADRESSE MAIL ET LE SITE CONCERNE<br>Toute utilisation du site est enregistr\u00e9e. L&rsquo;utilisateur est inform\u00e9 et prend acte de la facult\u00e9 laiss\u00e9e \u00e0 l&rsquo;\u00e9diteur de mettre en place des collecteurs automatis\u00e9s de donn\u00e9es (cookies) afin d&rsquo;identifier l&rsquo;utilisateur et ses visites sur le site et de fournir \u00e0 chaque utilisateur des fonctionnalit\u00e9s adapt\u00e9es au mieux \u00e0 ses besoins. Dans certains cas, l&rsquo;utilisateur peut \u00eatre amen\u00e9 \u00e0 fournir des donn\u00e9es \u00e0 caract\u00e8re personnel \u00e0 des fins statistiques ou de prospection directe pour des produits ou services de l&rsquo;\u00e9diteur. L&rsquo;utilisateur peut avoir acc\u00e8s \u00e0 ces donn\u00e9es personnelles et peut s&rsquo;opposer gratuitement \u00e0 ces utilisations en \u00e9crivant \u00e0 l&rsquo;adresse indiqu\u00e9e ci-dessus.<br>Toute cession \u00e0 des tiers de ces donn\u00e9es sera soumise au pr\u00e9alable \u00e0 l&rsquo;accord de l&rsquo;utilisateur. L&rsquo;\u00e9diteur du site s&rsquo;engage \u00e0 prendre des pr\u00e9cautions techniques reconnues afin de pr\u00e9server la s\u00e9curit\u00e9 des donn\u00e9es personnelles de l&rsquo;utilisateur afin notamment qu&rsquo;elle ne soit pas endommag\u00e9es, d\u00e9form\u00e9es ou communiqu\u00e9es \u00e0 des tiers non autoris\u00e9s.<\/p>\n\n\n\n<p><strong>Recueil de donn\u00e9es statistiques<\/strong><\/p>\n\n\n\n<p>Ce site utilise Google Analytics, un service d&rsquo;analyse de site internet fourni par Google Inc. (\u00ab\u00a0Google\u00a0\u00bb).<br>Google Analytics utilise des cookies, qui sont des fichiers texte plac\u00e9s sur votre ordinateur, pour aider le site internet \u00e0 analyser l&rsquo;utilisation du site par ses utilisateurs.<br>Les donn\u00e9es g\u00e9n\u00e9r\u00e9es par les cookies concernant votre utilisation du site (y compris votre adresse IP) seront transmises et stock\u00e9es par Google sur des serveurs situ\u00e9s aux Etats-Unis.<br>Google utilisera cette information dans le but d`\u00e9valuer votre utilisation du site, de compiler des rapports sur l&rsquo;activit\u00e9 du site \u00e0 destination de son \u00e9diteur et de fournir d&rsquo;autres services relatifs \u00e0 l&rsquo;activit\u00e9 du site et \u00e0 l&rsquo;utilisation d&rsquo;Internet.<br>Google est susceptible de communiquer ces donn\u00e9es \u00e0 des tiers en cas d&rsquo;obligation l\u00e9gale ou lorsque ces tiers traitent ces donn\u00e9es pour le compte de Google, y compris notamment l&rsquo;\u00e9diteur de ce site.<br>Google ne recoupera pas votre adresse IP avec toute autre donn\u00e9e d\u00e9tenue par Google.<br>Vous pouvez d\u00e9sactiver l&rsquo;utilisation de cookies en s\u00e9lectionnant les param\u00e8tres appropri\u00e9s de votre navigateur. Cependant, une telle d\u00e9sactivation pourrait emp\u00eacher l&rsquo;utilisation de certaines fonctionnalit\u00e9s de ce site.<br>En utilisant ce site internet, vous consentez express\u00e9ment au traitement de vos donn\u00e9es nominatives par Google dans les conditions et pour les finalit\u00e9s d\u00e9crites ci-dessus.<\/p>\n\n\n\n<p><strong>R\u00e8glement Europ\u00e9en sur la Protection des Donn\u00e9es<\/strong><\/p>\n\n\n\n<p><strong>Finalit\u00e9s et modalit\u00e9s du traitement des donn\u00e9es \u00e0 caract\u00e8re personnel<\/strong><\/p>\n\n\n\n<p>Les donn\u00e9es \u00e0 caract\u00e8re personnel que vous avez fournies (\u00ab Donn\u00e9es \u00bb) feront l\u2019objet d\u2019un traitement pour les finalit\u00e9s suivantes :<br><br><\/p>\n\n\n\n<ul class=\"wp-block-list\">\n<li>fournir le service demand\u00e9 selon l\u2019accord conclu entre Sarl JB Services Administratifs et vous-m\u00eame;<\/li>\n\n\n\n<li>autoriser la Soci\u00e9t\u00e9 \u00e0 r\u00e9aliser des enqu\u00eates de satisfaction clients concernant la qualit\u00e9 des biens et services de la Soci\u00e9t\u00e9 en fonction de ses int\u00e9r\u00eats l\u00e9gitimes;<\/li>\n\n\n\n<li>avec votre consentement expr\u00e8s, envoyer des communications commerciales et des publicit\u00e9s concernant les produits et les services de la Soci\u00e9t\u00e9 ;<\/li>\n\n\n\n<li>avec votre consentement, r\u00e9aliser une analyse de vos comportements, habitudes et tendances de consommation afin d\u2019am\u00e9liorer les produits et services fournis par la Soci\u00e9t\u00e9 ainsi que pour satisfaire vos attentes ;<\/li>\n<\/ul>\n\n\n\n<p>Les Donn\u00e9es seront trait\u00e9es sous format papier, automatis\u00e9 ou \u00e9lectronique, et notamment par courrier postal ou \u00e9lectronique, par t\u00e9l\u00e9phone, par t\u00e9l\u00e9copie et par tout autre moyen (par exemple : sites web, applications mobiles).<br><br><\/p>\n\n\n\n<p><strong>Destinataires des donn\u00e9es<\/strong><\/p>\n\n\n\n<p>Les Donn\u00e9es peuvent \u00eatre trait\u00e9es par des personnes physiques et\/ou morales, agissant au nom de la Soci\u00e9t\u00e9 et dans le cadre d\u2019obligations contractuelles sp\u00e9cifiques, bas\u00e9es dans des \u00c9tats Membres de l\u2019UE ou dans des pays hors de l\u2019UE.<br>Les Donn\u00e9es peuvent \u00eatre communiqu\u00e9es \u00e0 des tiers pour se conformer \u00e0 des obligations l\u00e9gales, pour ex\u00e9cuter des ordres \u00e9manant d\u2019Autorit\u00e9s Publiques ou pour faire valoir un droit de la Soci\u00e9t\u00e9 devant les autorit\u00e9s judiciaires.<br><br><\/p>\n\n\n\n<p><strong>Conservation des donn\u00e9es<\/strong><\/p>\n\n\n\n<p>Les Donn\u00e9es trait\u00e9es pour fournir le Service et la Satisfaction Client seront conserv\u00e9es par la Soci\u00e9t\u00e9 pendant la p\u00e9riode consid\u00e9r\u00e9e comme strictement n\u00e9cessaire au regard de telles finalit\u00e9s. Concernant les Donn\u00e9es trait\u00e9es pour la fourniture du Service, la Soci\u00e9t\u00e9 peut continuer \u00e0 stocker ces Donn\u00e9es pour une p\u00e9riode plus longue, ce qui peut \u00eatre n\u00e9cessaire pour prot\u00e9ger les int\u00e9r\u00eats de la Soci\u00e9t\u00e9 dans le cadre d\u2019une \u00e9ventuelle responsabilit\u00e9 li\u00e9e \u00e0 la fourniture du Service.<br>Les Donn\u00e9es trait\u00e9es \u00e0 des fins de Marketing et de Profilage seront conserv\u00e9es par la Soci\u00e9t\u00e9 \u00e0 partir du moment o\u00f9 vous donnez votre consentement jusqu\u2019au moment o\u00f9 vous le retirez. Une fois le consentement retir\u00e9, les Donn\u00e9es ne seront plus utilis\u00e9es \u00e0 ces fins, bien qu\u2019elles puissent \u00eatre conserv\u00e9es par la Soci\u00e9t\u00e9, notamment afin de prot\u00e9ger les int\u00e9r\u00eats de la Soci\u00e9t\u00e9 dans le cadre d\u2019une \u00e9ventuelle responsabilit\u00e9 relative \u00e0 ce traitement, \u00e0 moins que des pr\u00e9cisions suppl\u00e9mentaires ne soient fournies par l\u2019Autorit\u00e9 de Contr\u00f4le \u00e0 cet \u00e9gard.<\/p>\n\n\n\n<p><strong>Vos droits<\/strong><\/p>\n\n\n\n<p>Vous pouvez exercer les droits suivants:<\/p>\n\n\n\n<ul class=\"wp-block-list\">\n<li>droit d\u2019acc\u00e8s signifie le droit d\u2019obtenir de la Soci\u00e9t\u00e9 la confirmation que vos Donn\u00e9es sont ou ne sont pas trait\u00e9es et, lorsqu\u2019elles le sont, l\u2019acc\u00e8s auxdites Donn\u00e9es;<\/li>\n\n\n\n<li>droit de rectification et droit \u00e0 l\u2019effacement signifie le droit d\u2019obtenir la rectification de Donn\u00e9es inexactes et \/ ou incompl\u00e8tes, ainsi que l\u2019effacement de Donn\u00e9es lorsque la demande est l\u00e9gitime;<\/li>\n\n\n\n<li>droit \u00e0 la limitation du traitement signifie le droit de demander la suspension du traitement lorsque la demande est l\u00e9gitime;<\/li>\n\n\n\n<li>droit \u00e0 la portabilit\u00e9 des donn\u00e9es signifie le droit d\u2019obtenir des Donn\u00e9es dans un format structur\u00e9, couramment utilis\u00e9 et lisible, ainsi que le droit de transf\u00e9rer des Donn\u00e9es \u00e0 d\u2019autres responsables de traitement;<\/li>\n\n\n\n<li>droit d\u2019opposition signifie le droit de s\u2019opposer au traitement des Donn\u00e9es lorsque la demande est l\u00e9gitime, y compris lorsque les Donn\u00e9es sont trait\u00e9es pour le marketing ou le profilage, le cas \u00e9ch\u00e9ant;<\/li>\n\n\n\n<li>droit d\u2019introduire une r\u00e9clamation aupr\u00e8s d\u2019une autorit\u00e9 de contr\u00f4le en cas de traitement ill\u00e9gal des Donn\u00e9es.<\/li>\n<\/ul>\n\n\n\n<p>Pour toute information concernant vos droits et\/ou donn\u00e9es personnelles, vous pouvez nous contacter sur l\u2019adresse mail d\u00e9di\u00e9e : contact@jb-administratif.fr<\/p>\n\n\n\n<p><strong>Informations suppl\u00e9mentaires sur les cookies<\/strong><\/p>\n\n\n\n<p>Pour en savoir plus sur les cookies, nous vous invitons \u00e0 consulter la page de la CNIL :<br>https:\/\/www.cnil.fr\/fr\/cookies-les-outils-pour-les-maitriser<br><br><\/p>\n\n\n\n<p><strong>Modification des conditions g\u00e9n\u00e9rales d&rsquo;utilisation<\/strong><\/p>\n\n\n\n<p>L&rsquo;\u00e9diteur peut \u00e0 tout moment modifier les Conditions G\u00e9n\u00e9rales d&rsquo;utilisation, il est recommand\u00e9 \u00e0 l&rsquo;utilisateur de les consulter r\u00e9guli\u00e8rement. Ces modifications engagent l&rsquo;utilisateur d\u00e8s leur mise en ligne. L\u2019utilisateur est invit\u00e9 \u00e0 v\u00e9rifier r\u00e9guli\u00e8rement la mise \u00e0 jour des conditions g\u00e9n\u00e9rales d\u2019utilisation.<\/p>\n\n\n\n<p><strong>R\u00e9clamations<\/strong><\/p>\n\n\n\n<p>Toutes r\u00e9clamations de l&rsquo;utilisateur pour \u00eatre prises en compte devront \u00eatre adress\u00e9es \u00e0 l&rsquo;\u00e9diteur par voie postale uniquement sous forme de lettre recommand\u00e9e avec accus\u00e9 de r\u00e9ception \u00e0 l&rsquo;adresse ci-dessus (voir rubrique \u00e9diteur du site).<\/p>\n\n\n\n<p><strong>Droit applicable<\/strong><\/p>\n\n\n\n<p id=\"MENTIONSLEGALES\">Les pr\u00e9sentes Conditions G\u00e9n\u00e9rales d&rsquo;utilisation sont soumises \u00e0 la loi Fran\u00e7aise.<\/p>\n","protected":false},"excerpt":{"rendered":"<p>Mentions L\u00e9gales \u2013 SARL JB SERVICES ADMINISTRATIFS Pr\u00e9ambule Les pr\u00e9sentes Conditions G\u00e9n\u00e9rales d&rsquo;utilisation d\u00e9terminent les r\u00e8gles d&rsquo;acc\u00e8s au site www.jb-administratif.frLe [&hellip;]<\/p>\n","protected":false},"author":1,"featured_media":0,"parent":0,"menu_order":0,"comment_status":"closed","ping_status":"open","template":"","meta":{"site-sidebar-layout":"default","site-content-layout":"","ast-site-content-layout":"default","site-content-style":"default","site-sidebar-style":"default","ast-global-header-display":"","ast-banner-title-visibility":"","ast-main-header-display":"","ast-hfb-above-header-display":"","ast-hfb-below-header-display":"","ast-hfb-mobile-header-display":"","site-post-title":"","ast-breadcrumbs-content":"","ast-featured-img":"","footer-sml-layout":"","theme-transparent-header-meta":"","adv-header-id-meta":"","stick-header-meta":"","header-above-stick-meta":"","header-main-stick-meta":"","header-below-stick-meta":"","astra-migrate-meta-layouts":"default","ast-page-background-enabled":"default","ast-page-background-meta":{"desktop":{"background-color":"var(--ast-global-color-5)","background-image":"","background-repeat":"repeat","background-position":"center center","background-size":"auto","background-attachment":"scroll","background-type":"","background-media":"","overlay-type":"","overlay-color":"","overlay-opacity":"","overlay-gradient":""},"tablet":{"background-color":"","background-image":"","background-repeat":"repeat","background-position":"center center","background-size":"auto","background-attachment":"scroll","background-type":"","background-media":"","overlay-type":"","overlay-color":"","overlay-opacity":"","overlay-gradient":""},"mobile":{"background-color":"","background-image":"","background-repeat":"repeat","background-position":"center center","background-size":"auto","background-attachment":"scroll","background-type":"","background-media":"","overlay-type":"","overlay-color":"","overlay-opacity":"","overlay-gradient":""}},"ast-content-background-meta":{"desktop":{"background-color":"var(--ast-global-color-4)","background-image":"","background-repeat":"repeat","background-position":"center center","background-size":"auto","background-attachment":"scroll","background-type":"","background-media":"","overlay-type":"","overlay-color":"","overlay-opacity":"","overlay-gradient":""},"tablet":{"background-color":"var(--ast-global-color-4)","background-image":"","background-repeat":"repeat","background-position":"center center","background-size":"auto","background-attachment":"scroll","background-type":"","background-media":"","overlay-type":"","overlay-color":"","overlay-opacity":"","overlay-gradient":""},"mobile":{"background-color":"var(--ast-global-color-4)","background-image":"","background-repeat":"repeat","background-position":"center center","background-size":"auto","background-attachment":"scroll","background-type":"","background-media":"","overlay-type":"","overlay-color":"","overlay-opacity":"","overlay-gradient":""}},"footnotes":""},"class_list":["post-3","page","type-page","status-publish","hentry"],"_links":{"self":[{"href":"https:\/\/www.jb-administratif.fr\/index.php?rest_route=\/wp\/v2\/pages\/3","targetHints":{"allow":["GET"]}}],"collection":[{"href":"https:\/\/www.jb-administratif.fr\/index.php?rest_route=\/wp\/v2\/pages"}],"about":[{"href":"https:\/\/www.jb-administratif.fr\/index.php?rest_route=\/wp\/v2\/types\/page"}],"author":[{"embeddable":true,"href":"https:\/\/www.jb-administratif.fr\/index.php?rest_route=\/wp\/v2\/users\/1"}],"replies":[{"embeddable":true,"href":"https:\/\/www.jb-administratif.fr\/index.php?rest_route=%2Fwp%2Fv2%2Fcomments&post=3"}],"version-history":[{"count":2,"href":"https:\/\/www.jb-administratif.fr\/index.php?rest_route=\/wp\/v2\/pages\/3\/revisions"}],"predecessor-version":[{"id":84,"href":"https:\/\/www.jb-administratif.fr\/index.php?rest_route=\/wp\/v2\/pages\/3\/revisions\/84"}],"wp:attachment":[{"href":"https:\/\/www.jb-administratif.fr\/index.php?rest_route=%2Fwp%2Fv2%2Fmedia&parent=3"}],"curies":[{"name":"wp","href":"https:\/\/api.w.org\/{rel}","templated":true}]}}